{"id":140,"date":"2024-01-18T12:39:57","date_gmt":"2024-01-18T11:39:57","guid":{"rendered":"http:\/\/pastelove.edu.pl\/zlobek\/?page_id=140"},"modified":"2024-01-26T13:29:10","modified_gmt":"2024-01-26T12:29:10","slug":"kontakt","status":"publish","type":"page","link":"https:\/\/pastelove.edu.pl\/zlobek\/kontakt\/","title":{"rendered":"Kontakt"},"content":{"rendered":"\n<section id=\"hommeinfo-block_00e2787d93fb3863992ce6c2520d6ae7\" class=\"contact\">\n  <div class=\"container\">\n    <div class=\"row\">\n      <div class=\"col-12 col-lg-5\">\n        <div class=\"row\">\n          <div class=\"col-12 col-md-9 fun\">\n            <div class=\"icon-box-kids\">\n                      <div class=\"icon\">\n                        <div class=\"kid-icon-shape\">\n                            <a href=\"#\">\n                              <i class=\"fun fas fa-info\">\n                              <\/i>\n                            <\/a>\n                        <\/div>\n\n                      <\/div>\n                      <div class=\"icon-text\">\n                        <h4>Skontaktuj si\u0119 z nami<\/h4>\n                        Zadzwo\u0144 do nas bezpo\u015brednio lub po prostu wype\u0142nij nasz formularz, a my skontaktujemy si\u0119 z Tob\u0105.                      <\/div>\n            <\/div>\n          <\/div>\n        <\/div>\n\n        <div class=\"row\">\n          <div class=\"col-12 col-md-9 music\">\n            <div class=\"icon-box-kids\">\n                      <div class=\"icon\">\n                        <div class=\"kid-icon-shape\">\n                            <a href=\"#\">\n                              <i class=\"music far fa-clock\">\n                              <\/i>\n                            <\/a>\n                        <\/div>\n\n                      <\/div>\n                      <div class=\"icon-text\">\n                        <h4>GODZINY OTWARCIA<\/h4>\n                         Poniedzia\u0142ek &#8211; Pi\u0105tek: 7.00 \u2013 17.00                      <\/div>\n            <\/div>\n          <\/div>\n        <\/div>\n\n        <div class=\"row\">\n          <div class=\"col-12 col-md-9 teacher\">\n            <div class=\"icon-box-kids\">\n                      <div class=\"icon\">\n                        <div class=\"kid-icon-shape\">\n                            <a href=\"#\">\n                              <i class=\"teacher fas fa-map-marker-alt\">\n                              <\/i>\n                            <\/a>\n                        <\/div>\n\n                      <\/div>\n                      <div class=\"icon-text\">\n                        <h4>LOKALIZACJA<\/h4>\n                        Armii Krajowej 135,<br \/>\r\n40-750 Katowice                      <\/div>\n            <\/div>\n          <\/div>\n        <\/div>\n\n\n\n        <div class=\"row\">\n          <div class=\"col-12 col-md-9 diet\">\n            <div class=\"icon-box-kids\">\n                      <div class=\"icon\">\n                        <div class=\"kid-icon-shape\">\n                            <a href=\"#\">\n                              <i class=\"diet fas fa-phone rotate-90\">\n                              <\/i>\n                            <\/a>\n                        <\/div>\n\n                      <\/div>\n                      <div class=\"icon-text\">\n                        <h4>TELEFON<\/h4>\n                        <a href=\"tel:791329201\">791 329 201<\/a>\n                      <\/div>\n            <\/div>\n          <\/div>\n        <\/div>\n\n        <div class=\"row\">\n          <div class=\"col-12 col-md-9 ts\">\n            <div class=\"icon-box-kids\">\n                      <div class=\"icon\">\n                        <div class=\"kid-icon-shape\">\n                            <a href=\"#\">\n                              <i class=\"ts fas fa-envelope\">\n                              <\/i>\n                            <\/a>\n                        <\/div>\n\n                      <\/div>\n                      <div class=\"icon-text\">\n                        <h4>E-Mail<\/h4>\n                        <a href=\"mailto:przedszkole@pastelove.edu.pl\">przedszkole@pastelove.edu.pl<\/a>\n                      <\/div>\n            <\/div>\n          <\/div>\n        <\/div>\n\n\n      <\/div>\n      <div class=\"col-12 col-lg-7\">\n        \n<div class=\"wpcf7 no-js\" id=\"wpcf7-f149-o1\" lang=\"pl-PL\" dir=\"ltr\">\n<div class=\"screen-reader-response\"><p role=\"status\" aria-live=\"polite\" aria-atomic=\"true\"><\/p> <ul><\/ul><\/div>\n<form action=\"\/zlobek\/wp-json\/wp\/v2\/pages\/140#wpcf7-f149-o1\" method=\"post\" class=\"wpcf7-form init\" aria-label=\"Formularz kontaktowy\" novalidate=\"novalidate\" data-status=\"init\">\n<div style=\"display: none;\">\n<input type=\"hidden\" name=\"_wpcf7\" value=\"149\" \/>\n<input type=\"hidden\" name=\"_wpcf7_version\" value=\"5.8.7\" \/>\n<input type=\"hidden\" name=\"_wpcf7_locale\" value=\"pl_PL\" \/>\n<input type=\"hidden\" name=\"_wpcf7_unit_tag\" value=\"wpcf7-f149-o1\" \/>\n<input type=\"hidden\" name=\"_wpcf7_container_post\" value=\"0\" \/>\n<input type=\"hidden\" name=\"_wpcf7_posted_data_hash\" value=\"\" \/>\n<\/div>\n<div class=\"row\">\n  <div class=\"col-12 col-md-6\">\n    <span class=\"wpcf7-form-control-wrap\" data-name=\"your-name\"><input size=\"40\" class=\"wpcf7-form-control wpcf7-text wpcf7-validates-as-required\" aria-required=\"true\" aria-invalid=\"false\" placeholder=\"Imi\u0119\" value=\"\" type=\"text\" name=\"your-name\" \/><\/span>\n  <\/div>\n  <div class=\"col-12 col-md-6\">\n    <span class=\"wpcf7-form-control-wrap\" data-name=\"your-surname\"><input size=\"40\" class=\"wpcf7-form-control wpcf7-text wpcf7-validates-as-required\" aria-required=\"true\" aria-invalid=\"false\" placeholder=\"Nazwisko\" value=\"\" type=\"text\" name=\"your-surname\" \/><\/span>\n  <\/div>\n<\/div>\n<div class=\"row\">\n<div class=\"col-12\">\n    <span class=\"wpcf7-form-control-wrap\" data-name=\"your-email\"><input size=\"40\" class=\"wpcf7-form-control wpcf7-email wpcf7-validates-as-required wpcf7-text wpcf7-validates-as-email\" aria-required=\"true\" aria-invalid=\"false\" placeholder=\"E-mail\" value=\"\" type=\"email\" name=\"your-email\" \/><\/span>\n  <\/div>\n<\/div>\n<div class=\"row\">\n  <div class=\"col-12\">\n    <span class=\"wpcf7-form-control-wrap\" data-name=\"your-subject\"><input size=\"40\" class=\"wpcf7-form-control wpcf7-text\" aria-invalid=\"false\" placeholder=\"Temat\" value=\"\" type=\"text\" name=\"your-subject\" \/><\/span>\n  <\/div>\n<\/div>\n<div class=\"row\">\n  <div class=\"col-12\">\n    <span class=\"wpcf7-form-control-wrap\" data-name=\"your-message\"><textarea cols=\"40\" rows=\"10\" class=\"wpcf7-form-control wpcf7-textarea wpcf7-validates-as-required\" aria-required=\"true\" aria-invalid=\"false\" placeholder=\"Wiadomo\u015b\u0107\" name=\"your-message\"><\/textarea><\/span>\n  <\/div>\n<\/div>\n<div class=\"row\">\n  <div class=\"col-12 text-justify\">\n<span class=\"wpcf7-form-control-wrap\" data-name=\"acceptance-950\"><span class=\"wpcf7-form-control wpcf7-acceptance\"><span class=\"wpcf7-list-item\"><input type=\"checkbox\" name=\"acceptance-950\" value=\"1\" aria-invalid=\"false\" \/><\/span><\/span><\/span>\n<small>Wysy\u0142aj\u0105c formularz wyra\u017cam zgod\u0119 na przetwarzanie moich danych osobowych przez administratora danych, tj. Przedszkole Pastelove sp\u00f3\u0142ka z o.o.  z siedzib\u0105: ul. Armii Krajowej 135, Katowice, zgodnie z ustawa\u0328 z dnia 10 maja 2018 r. o ochronie danych osobowych (Dz.U.2018.1000 z dnia 2018.05.24) oraz zgodnie z rozporz\u0105dzeniem Parlamentu Europejskiego i Rady (UE) 2016\/679 z dnia 27 kwietnia 2016 r. w sprawie ochrony os\u00f3b fizycznych w zwi\u0105zku z przetwarzaniem danych osobowych i w sprawie swobodnego przep\u0142ywu takich danych oraz uchylenia dyrektywy 95\/46\/WE (og\u00f3lne rozporz\u0105dzenie o ochronie danych, \u201eRODO\u201d). Dane osobowe podane w formularzu b\u0119d\u0105 przetwarzane w celu skontaktowania si\u0119 z administratorem danych osobowych i odpowiedzi na Pa\u0144stwa zg\u0142oszenie zawarte w formularzu kontaktowym. Podanie danych jest dobrowolne, ale niezb\u0119dne do przes\u0142ania formularza. Szczeg\u00f3lowe informacje o administratorze danych osobowych oraz zasadach i celach przetwarzania danych osobowych , pe\u0142n\u0105 klauzul\u0119 informacyjn\u0105 znajdziesz klikaj\u0105c <a href=\"\/polityka-prywatnosci\/\" target=\"_blank\">tutaj<\/a> <\/small>\n  <\/div>\n<\/div>\n<div class=\"row\">\n  <div class=\"col-12\">\n    <input class=\"wpcf7-form-control wpcf7-submit has-spinner btn\" type=\"submit\" value=\"Wy\u015blij\" \/>\n  <\/div>\n<\/div><div class=\"wpcf7-response-output\" aria-hidden=\"true\"><\/div>\n<\/form>\n<\/div>\n      <\/div>\n    <\/div>\n  <\/div>\n<\/section>\n<div id=\"map\">\n  <iframe loading=\"lazy\" src=\"https:\/\/www.google.com\/maps\/embed?pb=!1m18!1m12!1m3!1d2553.71271282435!2d18.974252116152314!3d50.20390071297964!2m3!1f0!2f0!3f0!3m2!1i1024!2i768!4f13.1!3m3!1m2!1s0x4716cffc4cb28555%3A0x89563ec6a2652c95!2sPasteLOVE%20Przedszkole%20Niepubliczne!5e0!3m2!1spl!2spl!4v1596448359942!5m2!1spl!2spl\" width=\"100%\" height=\"450\" frameborder=\"0\" style=\"border:0;\" allowfullscreen=\"\" aria-hidden=\"false\" tabindex=\"0\"><\/iframe>\n<\/div>\n","protected":false},"excerpt":{"rendered":"","protected":false},"author":1,"featured_media":176,"parent":0,"menu_order":0,"comment_status":"closed","ping_status":"closed","template":"","meta":{"_acf_changed":false,"ngg_post_thumbnail":0,"footnotes":""},"acf":[],"yoast_head":"<!-- This site is optimized with the Yoast SEO plugin v22.1 - https:\/\/yoast.com\/wordpress\/plugins\/seo\/ -->\n<title>Kontakt - Niepubliczny \u017c\u0142obek - PasteLOVE Katowice<\/title>\n<meta name=\"robots\" content=\"index, follow, max-snippet:-1, max-image-preview:large, max-video-preview:-1\" \/>\n<link rel=\"canonical\" href=\"https:\/\/pastelove.edu.pl\/zlobek\/kontakt\/\" \/>\n<meta property=\"og:locale\" content=\"pl_PL\" \/>\n<meta property=\"og:type\" content=\"article\" \/>\n<meta property=\"og:title\" content=\"Kontakt - Niepubliczny \u017c\u0142obek - PasteLOVE Katowice\" \/>\n<meta property=\"og:url\" content=\"https:\/\/pastelove.edu.pl\/zlobek\/kontakt\/\" \/>\n<meta property=\"og:site_name\" content=\"Niepubliczny \u017c\u0142obek - PasteLOVE Katowice\" \/>\n<meta property=\"article:modified_time\" content=\"2024-01-26T12:29:10+00:00\" \/>\n<meta property=\"og:image\" content=\"https:\/\/pastelove.edu.pl\/zlobek\/wp-content\/uploads\/sites\/2\/2024\/01\/cute-baby-girl-playing-with-smartphone.jpg\" \/>\n\t<meta property=\"og:image:width\" content=\"2000\" \/>\n\t<meta property=\"og:image:height\" content=\"1333\" \/>\n\t<meta property=\"og:image:type\" content=\"image\/jpeg\" \/>\n<meta name=\"twitter:card\" content=\"summary_large_image\" \/>\n<script type=\"application\/ld+json\" class=\"yoast-schema-graph\">{\"@context\":\"https:\/\/schema.org\",\"@graph\":[{\"@type\":\"WebPage\",\"@id\":\"https:\/\/pastelove.edu.pl\/zlobek\/kontakt\/\",\"url\":\"https:\/\/pastelove.edu.pl\/zlobek\/kontakt\/\",\"name\":\"Kontakt - Niepubliczny \u017c\u0142obek - PasteLOVE Katowice\",\"isPartOf\":{\"@id\":\"https:\/\/pastelove.edu.pl\/zlobek\/#website\"},\"datePublished\":\"2024-01-18T11:39:57+00:00\",\"dateModified\":\"2024-01-26T12:29:10+00:00\",\"breadcrumb\":{\"@id\":\"https:\/\/pastelove.edu.pl\/zlobek\/kontakt\/#breadcrumb\"},\"inLanguage\":\"pl-PL\",\"potentialAction\":[{\"@type\":\"ReadAction\",\"target\":[\"https:\/\/pastelove.edu.pl\/zlobek\/kontakt\/\"]}]},{\"@type\":\"BreadcrumbList\",\"@id\":\"https:\/\/pastelove.edu.pl\/zlobek\/kontakt\/#breadcrumb\",\"itemListElement\":[{\"@type\":\"ListItem\",\"position\":1,\"name\":\"Strona g\u0142\u00f3wna\",\"item\":\"https:\/\/pastelove.edu.pl\/zlobek\/\"},{\"@type\":\"ListItem\",\"position\":2,\"name\":\"Kontakt\"}]},{\"@type\":\"WebSite\",\"@id\":\"https:\/\/pastelove.edu.pl\/zlobek\/#website\",\"url\":\"https:\/\/pastelove.edu.pl\/zlobek\/\",\"name\":\"Niepubliczny \u017c\u0142obek - PasteLOVE Katowice\",\"description\":\"Kolejna witryna sieci &#8222;Niepubliczne przedszkole - PasteLOVE Katowice Witryn&#8221;\",\"potentialAction\":[{\"@type\":\"SearchAction\",\"target\":{\"@type\":\"EntryPoint\",\"urlTemplate\":\"https:\/\/pastelove.edu.pl\/zlobek\/?s={search_term_string}\"},\"query-input\":\"required name=search_term_string\"}],\"inLanguage\":\"pl-PL\"}]}<\/script>\n<!-- \/ Yoast SEO plugin. -->","yoast_head_json":{"title":"Kontakt - Niepubliczny \u017c\u0142obek - PasteLOVE Katowice","robots":{"index":"index","follow":"follow","max-snippet":"max-snippet:-1","max-image-preview":"max-image-preview:large","max-video-preview":"max-video-preview:-1"},"canonical":"https:\/\/pastelove.edu.pl\/zlobek\/kontakt\/","og_locale":"pl_PL","og_type":"article","og_title":"Kontakt - Niepubliczny \u017c\u0142obek - PasteLOVE Katowice","og_url":"https:\/\/pastelove.edu.pl\/zlobek\/kontakt\/","og_site_name":"Niepubliczny \u017c\u0142obek - PasteLOVE Katowice","article_modified_time":"2024-01-26T12:29:10+00:00","og_image":[{"width":2000,"height":1333,"url":"https:\/\/pastelove.edu.pl\/zlobek\/wp-content\/uploads\/sites\/2\/2024\/01\/cute-baby-girl-playing-with-smartphone.jpg","type":"image\/jpeg"}],"twitter_card":"summary_large_image","schema":{"@context":"https:\/\/schema.org","@graph":[{"@type":"WebPage","@id":"https:\/\/pastelove.edu.pl\/zlobek\/kontakt\/","url":"https:\/\/pastelove.edu.pl\/zlobek\/kontakt\/","name":"Kontakt - Niepubliczny \u017c\u0142obek - PasteLOVE Katowice","isPartOf":{"@id":"https:\/\/pastelove.edu.pl\/zlobek\/#website"},"datePublished":"2024-01-18T11:39:57+00:00","dateModified":"2024-01-26T12:29:10+00:00","breadcrumb":{"@id":"https:\/\/pastelove.edu.pl\/zlobek\/kontakt\/#breadcrumb"},"inLanguage":"pl-PL","potentialAction":[{"@type":"ReadAction","target":["https:\/\/pastelove.edu.pl\/zlobek\/kontakt\/"]}]},{"@type":"BreadcrumbList","@id":"https:\/\/pastelove.edu.pl\/zlobek\/kontakt\/#breadcrumb","itemListElement":[{"@type":"ListItem","position":1,"name":"Strona g\u0142\u00f3wna","item":"https:\/\/pastelove.edu.pl\/zlobek\/"},{"@type":"ListItem","position":2,"name":"Kontakt"}]},{"@type":"WebSite","@id":"https:\/\/pastelove.edu.pl\/zlobek\/#website","url":"https:\/\/pastelove.edu.pl\/zlobek\/","name":"Niepubliczny \u017c\u0142obek - PasteLOVE Katowice","description":"Kolejna witryna sieci &#8222;Niepubliczne przedszkole - PasteLOVE Katowice Witryn&#8221;","potentialAction":[{"@type":"SearchAction","target":{"@type":"EntryPoint","urlTemplate":"https:\/\/pastelove.edu.pl\/zlobek\/?s={search_term_string}"},"query-input":"required name=search_term_string"}],"inLanguage":"pl-PL"}]}},"_links":{"self":[{"href":"https:\/\/pastelove.edu.pl\/zlobek\/wp-json\/wp\/v2\/pages\/140"}],"collection":[{"href":"https:\/\/pastelove.edu.pl\/zlobek\/wp-json\/wp\/v2\/pages"}],"about":[{"href":"https:\/\/pastelove.edu.pl\/zlobek\/wp-json\/wp\/v2\/types\/page"}],"author":[{"embeddable":true,"href":"https:\/\/pastelove.edu.pl\/zlobek\/wp-json\/wp\/v2\/users\/1"}],"replies":[{"embeddable":true,"href":"https:\/\/pastelove.edu.pl\/zlobek\/wp-json\/wp\/v2\/comments?post=140"}],"version-history":[{"count":3,"href":"https:\/\/pastelove.edu.pl\/zlobek\/wp-json\/wp\/v2\/pages\/140\/revisions"}],"predecessor-version":[{"id":151,"href":"https:\/\/pastelove.edu.pl\/zlobek\/wp-json\/wp\/v2\/pages\/140\/revisions\/151"}],"wp:featuredmedia":[{"embeddable":true,"href":"https:\/\/pastelove.edu.pl\/zlobek\/wp-json\/wp\/v2\/media\/176"}],"wp:attachment":[{"href":"https:\/\/pastelove.edu.pl\/zlobek\/wp-json\/wp\/v2\/media?parent=140"}],"curies":[{"name":"wp","href":"https:\/\/api.w.org\/{rel}","templated":true}]}}