{"id":137,"date":"2024-01-18T12:39:02","date_gmt":"2024-01-18T11:39:02","guid":{"rendered":"http:\/\/pastelove.edu.pl\/zlobek\/?page_id=137"},"modified":"2024-01-26T13:36:27","modified_gmt":"2024-01-26T12:36:27","slug":"rekrutacja","status":"publish","type":"page","link":"https:\/\/pastelove.edu.pl\/zlobek\/rekrutacja\/","title":{"rendered":"Rekrutacja"},"content":{"rendered":"\n<section id=\"hommeinfo-block_3f438a857b5ced95a779d9ad4b8a690c\" class=\"services\">\n  <div class=\"container\">\n    <div class=\"row\">\n      <div class=\"  col-12 form-register \">\n        <div class=\"tex-box\">\n          <h3>Rekrutacja<\/h3>\n<h2>Rozpocz\u0119li\u015bmy rekrutacj\u0119 do naszego \u017c\u0142obka PasteLOVE<\/h2>\n<p style=\"text-align: justify;\"><strong>Jeste\u015bmy do Pa\u0144stwa dyspozycji od poniedzia\u0142ku do pi\u0105tku: <\/strong><\/p>\n<p style=\"text-align: justify;\"><strong>W godzinach: 7.00 &#8211; 17.00<br \/>\n<\/strong><strong>Telefon: 791 329 201<br \/>\n<\/strong><strong>E-mail: przedszkole@pastelove.edu.pl<\/strong><\/p>\n<p>&nbsp;<\/p>\n<p><strong>Aby zapisa\u0107 dziecko do \u017c\u0142obka Pastelove nale\u017cy:<\/strong><\/p>\n<ul>\n<li>Przes\u0142a\u0107 wype\u0142nion\u0105 kart\u0119 zg\u0142oszeniow\u0105.<\/li>\n<li>Podpisa\u0107 umow\u0119 cywilnoprawn\u0105.<\/li>\n<li>Z\u0142o\u017cy\u0107 wype\u0142nion\u0105 kart\u0119 informacyjn\u0105 Dziecka.<\/li>\n<li>Wp\u0142aci\u0107 wpisowe.<\/li>\n<\/ul>\n<p>Liczba miejsc \u2013 z troski o komfort Dzieci i Rodzic\u00f3w \u2013 jest ograniczona.<br \/>\nO przyj\u0119ciach decyduje kolejno\u015b\u0107 zg\u0142osze\u0144.<\/p>\n<p>Zapraszamy.<\/p>\n<p>Dyrekcja i personel \u017c\u0142obka.<\/p>\n<p>&nbsp;<\/p>\n<h3>Formularz zg\u0142oszeniowy<\/h3>\n<h2>Formularz zg\u0142oszeniowy<\/h2>\n\n<div class=\"wpcf7 no-js\" id=\"wpcf7-f152-o1\" lang=\"pl-PL\" dir=\"ltr\">\n<div class=\"screen-reader-response\"><p role=\"status\" aria-live=\"polite\" aria-atomic=\"true\"><\/p> <ul><\/ul><\/div>\n<form action=\"\/zlobek\/wp-json\/wp\/v2\/pages\/137#wpcf7-f152-o1\" method=\"post\" class=\"wpcf7-form init\" aria-label=\"Formularz kontaktowy\" novalidate=\"novalidate\" data-status=\"init\">\n<div style=\"display: none;\">\n<input type=\"hidden\" name=\"_wpcf7\" value=\"152\" \/>\n<input type=\"hidden\" name=\"_wpcf7_version\" value=\"5.8.7\" \/>\n<input type=\"hidden\" name=\"_wpcf7_locale\" value=\"pl_PL\" \/>\n<input type=\"hidden\" name=\"_wpcf7_unit_tag\" value=\"wpcf7-f152-o1\" \/>\n<input type=\"hidden\" name=\"_wpcf7_container_post\" value=\"0\" \/>\n<input type=\"hidden\" name=\"_wpcf7_posted_data_hash\" value=\"\" \/>\n<\/div>\n<div class=\"row\">\n  <div class=\"col-md-6\">\n    <div class=\"row\">\n      <div class=\"col-12\">\n        <div class=\"form-group\">\n          <label>\n            <span>Imi\u0119 i nazwisko dziecka<\/span>\n            <span class=\"wpcf7-form-control-wrap\" data-name=\"imie-i-nazwisko-dziecka\"><input size=\"40\" class=\"wpcf7-form-control wpcf7-text wpcf7-validates-as-required\" aria-required=\"true\" aria-invalid=\"false\" value=\"\" type=\"text\" name=\"imie-i-nazwisko-dziecka\" \/><\/span>\n          <\/label>\n        <\/div>\n      <\/div>\n    <\/div>\n    <div class=\"row\">\n      <div class=\"col-12\">\n        <div class=\"form-group\">\n          <label>\n            <span>Data urodzenia dziecka<\/span>\n            <span class=\"wpcf7-form-control-wrap\" data-name=\"wiek-dziecka\"><input size=\"40\" class=\"wpcf7-form-control wpcf7-text wpcf7-validates-as-required\" aria-required=\"true\" aria-invalid=\"false\" value=\"\" type=\"text\" name=\"wiek-dziecka\" \/><\/span>\n          <\/label>\n        <\/div>\n      <\/div>\n    <\/div>\n    <div class=\"row\">\n      <div class=\"col-12\">\n        <div class=\"form-group\">\n          <label>\n            <span>Imi\u0119 i nazwisko rodzica\/opiekuna<\/span>\n            <span class=\"wpcf7-form-control-wrap\" data-name=\"imie-i-nazwisko-opiekuna\"><input size=\"40\" class=\"wpcf7-form-control wpcf7-text wpcf7-validates-as-required\" aria-required=\"true\" aria-invalid=\"false\" value=\"\" type=\"text\" name=\"imie-i-nazwisko-opiekuna\" \/><\/span>\n          <\/label>\n        <\/div>\n      <\/div>\n    <\/div>\n    <div class=\"row\">\n      <div class=\"col-12\">\n        <div class=\"form-group\">\n          <label>\n            <span>Telefon kontaktowy<\/span>\n            <span class=\"wpcf7-form-control-wrap\" data-name=\"telefon\"><input size=\"40\" class=\"wpcf7-form-control wpcf7-text wpcf7-validates-as-required\" aria-required=\"true\" aria-invalid=\"false\" value=\"\" type=\"text\" name=\"telefon\" \/><\/span>\n          <\/label>\n        <\/div>\n      <\/div>\n    <\/div>\n<div class=\"row\">\n      <div class=\"col-12\">\n        <div class=\"form-group\">\n          <label>\n            <span>Email:<\/span>\n            <span class=\"wpcf7-form-control-wrap\" data-name=\"email\"><input size=\"40\" class=\"wpcf7-form-control wpcf7-email wpcf7-validates-as-required wpcf7-text wpcf7-validates-as-email\" aria-required=\"true\" aria-invalid=\"false\" value=\"\" type=\"email\" name=\"email\" \/><\/span>\n          <\/label>\n        <\/div>\n      <\/div>\n    <\/div>\n    <div class=\"row\">\n      <div class=\"col-12\">\n        <div class=\"form-group\">\n          <label>\n            <span>Miejscowo\u015b\u0107 zameldowania dziecka<\/span>\n            <span class=\"wpcf7-form-control-wrap\" data-name=\"kid-city\"><input size=\"40\" class=\"wpcf7-form-control wpcf7-text wpcf7-validates-as-required\" aria-required=\"true\" aria-invalid=\"false\" value=\"\" type=\"text\" name=\"kid-city\" \/><\/span>\n          <\/label>\n        <\/div>\n      <\/div>\n    <\/div>\n<div class=\"row\">\n      <div class=\"col-12\">\n        <div class=\"form-group\">\n          <label>\n            <span>Adres zamieszkania<\/span>\n            <span class=\"wpcf7-form-control-wrap\" data-name=\"adress\"><input size=\"40\" class=\"wpcf7-form-control wpcf7-text wpcf7-validates-as-required\" aria-required=\"true\" aria-invalid=\"false\" value=\"\" type=\"text\" name=\"adress\" \/><\/span>\n          <\/label>\n        <\/div>\n      <\/div>\n    <\/div>\n  <\/div>\n  <div class=\"col-12 text-justify\">\n<span class=\"wpcf7-form-control-wrap\" data-name=\"acceptance-950\"><span class=\"wpcf7-form-control wpcf7-acceptance\"><span class=\"wpcf7-list-item\"><input type=\"checkbox\" name=\"acceptance-950\" value=\"1\" aria-invalid=\"false\" \/><\/span><\/span><\/span>\n<small>Wysy\u0142aj\u0105c formularz wyra\u017cam zgod\u0119 na przetwarzanie moich danych osobowych przez administratora danych, tj. Przedszkole Pastelove sp\u00f3\u0142ka z o.o.  z siedzib\u0105: ul. Armii Krajowej 135, Katowice, zgodnie z ustawa\u0328 z dnia 10 maja 2018 r. o ochronie danych osobowych (Dz.U.2018.1000 z dnia 2018.05.24) oraz zgodnie z rozporz\u0105dzeniem Parlamentu Europejskiego i Rady (UE) 2016\/679 z dnia 27 kwietnia 2016 r. w sprawie ochrony os\u00f3b fizycznych w zwi\u0105zku z przetwarzaniem danych osobowych i w sprawie swobodnego przep\u0142ywu takich danych oraz uchylenia dyrektywy 95\/46\/WE (og\u00f3lne rozporz\u0105dzenie o ochronie danych, \u201eRODO\u201d). Dane osobowe podane w formularzu b\u0119d\u0105 przetwarzane w celu skontaktowania si\u0119 z administratorem danych osobowych i odpowiedzi na Pa\u0144stwa zg\u0142oszenie zawarte w formularzu kontaktowym. Podanie danych jest dobrowolne, ale niezb\u0119dne do przes\u0142ania formularza. Szczeg\u00f3lowe informacje o administratorze danych osobowych oraz zasadach i celach przetwarzania danych osobowych , pe\u0142n\u0105 klauzul\u0119 informacyjn\u0105 znajdziesz klikaj\u0105c <a href=\"\/polityka-prywatnosci\/\" target=\"_blank\">tutaj<\/a> <\/small>\n  <\/div>\n  <div class=\"col-12\">\n    <input class=\"wpcf7-form-control wpcf7-submit has-spinner btn\" type=\"submit\" value=\"Wy\u015blij\" \/>\n  <\/div>\n<\/div><div class=\"wpcf7-response-output\" aria-hidden=\"true\"><\/div>\n<\/form>\n<\/div>\n\n        <\/div>\n      <\/div>\n    <\/div>\n  <\/div>\n<\/section>\n","protected":false},"excerpt":{"rendered":"","protected":false},"author":1,"featured_media":168,"parent":0,"menu_order":0,"comment_status":"closed","ping_status":"closed","template":"","meta":{"_acf_changed":false,"ngg_post_thumbnail":0,"footnotes":""},"acf":[],"yoast_head":"<!-- This site is optimized with the Yoast SEO plugin v22.1 - https:\/\/yoast.com\/wordpress\/plugins\/seo\/ -->\n<title>Rekrutacja - Niepubliczny \u017c\u0142obek - PasteLOVE Katowice<\/title>\n<meta name=\"robots\" content=\"index, follow, max-snippet:-1, max-image-preview:large, max-video-preview:-1\" \/>\n<link rel=\"canonical\" href=\"https:\/\/pastelove.edu.pl\/zlobek\/rekrutacja\/\" \/>\n<meta property=\"og:locale\" content=\"pl_PL\" \/>\n<meta property=\"og:type\" content=\"article\" \/>\n<meta property=\"og:title\" content=\"Rekrutacja - Niepubliczny \u017c\u0142obek - PasteLOVE Katowice\" \/>\n<meta property=\"og:url\" content=\"https:\/\/pastelove.edu.pl\/zlobek\/rekrutacja\/\" \/>\n<meta property=\"og:site_name\" content=\"Niepubliczny \u017c\u0142obek - PasteLOVE Katowice\" \/>\n<meta property=\"article:modified_time\" content=\"2024-01-26T12:36:27+00:00\" \/>\n<meta property=\"og:image\" content=\"https:\/\/pastelove.edu.pl\/zlobek\/wp-content\/uploads\/sites\/2\/2024\/01\/group-toddlers-playing-with-toys-sitting-floor-kindergarten.jpg\" \/>\n\t<meta property=\"og:image:width\" content=\"2000\" \/>\n\t<meta property=\"og:image:height\" content=\"1125\" \/>\n\t<meta property=\"og:image:type\" content=\"image\/jpeg\" \/>\n<meta name=\"twitter:card\" content=\"summary_large_image\" \/>\n<script type=\"application\/ld+json\" class=\"yoast-schema-graph\">{\"@context\":\"https:\/\/schema.org\",\"@graph\":[{\"@type\":\"WebPage\",\"@id\":\"https:\/\/pastelove.edu.pl\/zlobek\/rekrutacja\/\",\"url\":\"https:\/\/pastelove.edu.pl\/zlobek\/rekrutacja\/\",\"name\":\"Rekrutacja - Niepubliczny \u017c\u0142obek - PasteLOVE Katowice\",\"isPartOf\":{\"@id\":\"https:\/\/pastelove.edu.pl\/zlobek\/#website\"},\"datePublished\":\"2024-01-18T11:39:02+00:00\",\"dateModified\":\"2024-01-26T12:36:27+00:00\",\"breadcrumb\":{\"@id\":\"https:\/\/pastelove.edu.pl\/zlobek\/rekrutacja\/#breadcrumb\"},\"inLanguage\":\"pl-PL\",\"potentialAction\":[{\"@type\":\"ReadAction\",\"target\":[\"https:\/\/pastelove.edu.pl\/zlobek\/rekrutacja\/\"]}]},{\"@type\":\"BreadcrumbList\",\"@id\":\"https:\/\/pastelove.edu.pl\/zlobek\/rekrutacja\/#breadcrumb\",\"itemListElement\":[{\"@type\":\"ListItem\",\"position\":1,\"name\":\"Strona g\u0142\u00f3wna\",\"item\":\"https:\/\/pastelove.edu.pl\/zlobek\/\"},{\"@type\":\"ListItem\",\"position\":2,\"name\":\"Rekrutacja\"}]},{\"@type\":\"WebSite\",\"@id\":\"https:\/\/pastelove.edu.pl\/zlobek\/#website\",\"url\":\"https:\/\/pastelove.edu.pl\/zlobek\/\",\"name\":\"Niepubliczny \u017c\u0142obek - PasteLOVE Katowice\",\"description\":\"Kolejna witryna sieci &#8222;Niepubliczne przedszkole - PasteLOVE Katowice Witryn&#8221;\",\"potentialAction\":[{\"@type\":\"SearchAction\",\"target\":{\"@type\":\"EntryPoint\",\"urlTemplate\":\"https:\/\/pastelove.edu.pl\/zlobek\/?s={search_term_string}\"},\"query-input\":\"required name=search_term_string\"}],\"inLanguage\":\"pl-PL\"}]}<\/script>\n<!-- \/ Yoast SEO plugin. -->","yoast_head_json":{"title":"Rekrutacja - Niepubliczny \u017c\u0142obek - PasteLOVE Katowice","robots":{"index":"index","follow":"follow","max-snippet":"max-snippet:-1","max-image-preview":"max-image-preview:large","max-video-preview":"max-video-preview:-1"},"canonical":"https:\/\/pastelove.edu.pl\/zlobek\/rekrutacja\/","og_locale":"pl_PL","og_type":"article","og_title":"Rekrutacja - Niepubliczny \u017c\u0142obek - PasteLOVE Katowice","og_url":"https:\/\/pastelove.edu.pl\/zlobek\/rekrutacja\/","og_site_name":"Niepubliczny \u017c\u0142obek - PasteLOVE Katowice","article_modified_time":"2024-01-26T12:36:27+00:00","og_image":[{"width":2000,"height":1125,"url":"https:\/\/pastelove.edu.pl\/zlobek\/wp-content\/uploads\/sites\/2\/2024\/01\/group-toddlers-playing-with-toys-sitting-floor-kindergarten.jpg","type":"image\/jpeg"}],"twitter_card":"summary_large_image","schema":{"@context":"https:\/\/schema.org","@graph":[{"@type":"WebPage","@id":"https:\/\/pastelove.edu.pl\/zlobek\/rekrutacja\/","url":"https:\/\/pastelove.edu.pl\/zlobek\/rekrutacja\/","name":"Rekrutacja - Niepubliczny \u017c\u0142obek - PasteLOVE Katowice","isPartOf":{"@id":"https:\/\/pastelove.edu.pl\/zlobek\/#website"},"datePublished":"2024-01-18T11:39:02+00:00","dateModified":"2024-01-26T12:36:27+00:00","breadcrumb":{"@id":"https:\/\/pastelove.edu.pl\/zlobek\/rekrutacja\/#breadcrumb"},"inLanguage":"pl-PL","potentialAction":[{"@type":"ReadAction","target":["https:\/\/pastelove.edu.pl\/zlobek\/rekrutacja\/"]}]},{"@type":"BreadcrumbList","@id":"https:\/\/pastelove.edu.pl\/zlobek\/rekrutacja\/#breadcrumb","itemListElement":[{"@type":"ListItem","position":1,"name":"Strona g\u0142\u00f3wna","item":"https:\/\/pastelove.edu.pl\/zlobek\/"},{"@type":"ListItem","position":2,"name":"Rekrutacja"}]},{"@type":"WebSite","@id":"https:\/\/pastelove.edu.pl\/zlobek\/#website","url":"https:\/\/pastelove.edu.pl\/zlobek\/","name":"Niepubliczny \u017c\u0142obek - PasteLOVE Katowice","description":"Kolejna witryna sieci &#8222;Niepubliczne przedszkole - PasteLOVE Katowice Witryn&#8221;","potentialAction":[{"@type":"SearchAction","target":{"@type":"EntryPoint","urlTemplate":"https:\/\/pastelove.edu.pl\/zlobek\/?s={search_term_string}"},"query-input":"required name=search_term_string"}],"inLanguage":"pl-PL"}]}},"_links":{"self":[{"href":"https:\/\/pastelove.edu.pl\/zlobek\/wp-json\/wp\/v2\/pages\/137"}],"collection":[{"href":"https:\/\/pastelove.edu.pl\/zlobek\/wp-json\/wp\/v2\/pages"}],"about":[{"href":"https:\/\/pastelove.edu.pl\/zlobek\/wp-json\/wp\/v2\/types\/page"}],"author":[{"embeddable":true,"href":"https:\/\/pastelove.edu.pl\/zlobek\/wp-json\/wp\/v2\/users\/1"}],"replies":[{"embeddable":true,"href":"https:\/\/pastelove.edu.pl\/zlobek\/wp-json\/wp\/v2\/comments?post=137"}],"version-history":[{"count":7,"href":"https:\/\/pastelove.edu.pl\/zlobek\/wp-json\/wp\/v2\/pages\/137\/revisions"}],"predecessor-version":[{"id":187,"href":"https:\/\/pastelove.edu.pl\/zlobek\/wp-json\/wp\/v2\/pages\/137\/revisions\/187"}],"wp:featuredmedia":[{"embeddable":true,"href":"https:\/\/pastelove.edu.pl\/zlobek\/wp-json\/wp\/v2\/media\/168"}],"wp:attachment":[{"href":"https:\/\/pastelove.edu.pl\/zlobek\/wp-json\/wp\/v2\/media?parent=137"}],"curies":[{"name":"wp","href":"https:\/\/api.w.org\/{rel}","templated":true}]}}