{"id":134,"date":"2024-01-18T12:38:14","date_gmt":"2024-01-18T11:38:14","guid":{"rendered":"http:\/\/pastelove.edu.pl\/zlobek\/?page_id=134"},"modified":"2024-01-18T13:45:43","modified_gmt":"2024-01-18T12:45:43","slug":"oferta","status":"publish","type":"page","link":"https:\/\/pastelove.edu.pl\/zlobek\/oferta\/","title":{"rendered":"Oferta"},"content":{"rendered":"\n<section id=\"hommeinfo-block_b7f2e2fb98db982216c89c49aeee7df2\" class=\"services\">\n  <div class=\"container\">\n    <div class=\"row\">\n      <div class=\"  col-12 \">\n        <div class=\"tex-box\">\n          <h2>Oferta \u017b\u0142obka &#8222;PasteLOVE&#8221; obejmuje kompleksow\u0105 opiek\u0119 nad najm\u0142odszymi dzie\u0107mi oraz dzia\u0142ania wychowawczo-dydaktyczne, skupiaj\u0105c si\u0119 na wspieraniu ich pe\u0142nokszta\u0142tnego rozwoju.<\/h2>\n<p>\u017b\u0142obek PasteLOVE to nowoczesne miejsce dedykowane najm\u0142odszym, stworzone z my\u015bl\u0105 o troskliwej opiece i rozwijaniu maluszk\u00f3w. Posiadamy wysokiej jako\u015bci infrastruktur\u0119, do\u015bwiadczony zesp\u00f3\u0142 opieku\u0144czy oraz korzystamy z najnowszych metod pracy z najm\u0142odszymi. Te elementy stanowi\u0105 fundament naszej koncepcji, kt\u00f3ra ma na celu wszechstronny rozw\u00f3j dzieci ju\u017c od najwcze\u015bniejszych lat.<\/p>\n<p>Wspieranie rozwoju dzieci, budowanie ich si\u0142 wewn\u0119trznych, emocjonalnych i spo\u0142ecznych, pozwala im stopniowo przystosowywa\u0107 si\u0119 do otaczaj\u0105cego \u015bwiata. Naszym g\u0142\u00f3wnym celem jest stworzenie optymalnych warunk\u00f3w do rozwoju, skupiaj\u0105c si\u0119 na budowaniu relacji opartej na trosce i zrozumieniu.<\/p>\n<p>W \u017c\u0142obku PasteLOVE dbamy o rozwijanie umiej\u0119tno\u015bci maluszk\u00f3w, kieruj\u0105c si\u0119 indywidualnym podej\u015bciem do ka\u017cdego dziecka. D\u0105\u017cymy do wspierania ich naturalnej ciekawo\u015bci, zach\u0119cania do pierwszych odkry\u0107 i budowania poczucia bezpiecze\u0144stwa.<\/p>\n<p>Wierzymy, \u017ce ka\u017cde dziecko zas\u0142uguje na troskliw\u0105 opiek\u0119 i zrozumienie. Nasz zesp\u00f3\u0142 pracownik\u00f3w \u017c\u0142obka kieruje si\u0119 pasj\u0105, trosk\u0105 i praktycznym do\u015bwiadczeniem, tworz\u0105c atmosfer\u0119, w kt\u00f3rej ka\u017cde maluszki mog\u0105 rozwija\u0107 si\u0119 w spos\u00f3b harmonijny.<\/p>\n<p>W \u017b\u0142obku PasteLOVE ka\u017cdy dzie\u0144 to czas na zabaw\u0119, nauk\u0119 i odkrywanie \u015bwiata w bezpiecznym i wspieraj\u0105cym \u015brodowisku.<\/p>\n        <\/div>\n      <\/div>\n    <\/div>\n  <\/div>\n<\/section>\n","protected":false},"excerpt":{"rendered":"","protected":false},"author":1,"featured_media":0,"parent":0,"menu_order":0,"comment_status":"closed","ping_status":"closed","template":"","meta":{"_acf_changed":false,"ngg_post_thumbnail":0,"footnotes":""},"acf":[],"yoast_head":"<!-- This site is optimized with the Yoast SEO plugin v22.1 - https:\/\/yoast.com\/wordpress\/plugins\/seo\/ -->\n<title>Oferta - Niepubliczny \u017c\u0142obek - PasteLOVE Katowice<\/title>\n<meta name=\"robots\" content=\"index, follow, max-snippet:-1, max-image-preview:large, max-video-preview:-1\" \/>\n<link rel=\"canonical\" href=\"https:\/\/pastelove.edu.pl\/zlobek\/oferta\/\" \/>\n<meta property=\"og:locale\" content=\"pl_PL\" \/>\n<meta property=\"og:type\" content=\"article\" \/>\n<meta property=\"og:title\" content=\"Oferta - Niepubliczny \u017c\u0142obek - PasteLOVE Katowice\" \/>\n<meta property=\"og:url\" content=\"https:\/\/pastelove.edu.pl\/zlobek\/oferta\/\" \/>\n<meta property=\"og:site_name\" content=\"Niepubliczny \u017c\u0142obek - PasteLOVE Katowice\" \/>\n<meta property=\"article:modified_time\" content=\"2024-01-18T12:45:43+00:00\" \/>\n<meta name=\"twitter:card\" content=\"summary_large_image\" \/>\n<script type=\"application\/ld+json\" class=\"yoast-schema-graph\">{\"@context\":\"https:\/\/schema.org\",\"@graph\":[{\"@type\":\"WebPage\",\"@id\":\"https:\/\/pastelove.edu.pl\/zlobek\/oferta\/\",\"url\":\"https:\/\/pastelove.edu.pl\/zlobek\/oferta\/\",\"name\":\"Oferta - Niepubliczny \u017c\u0142obek - PasteLOVE Katowice\",\"isPartOf\":{\"@id\":\"https:\/\/pastelove.edu.pl\/zlobek\/#website\"},\"datePublished\":\"2024-01-18T11:38:14+00:00\",\"dateModified\":\"2024-01-18T12:45:43+00:00\",\"breadcrumb\":{\"@id\":\"https:\/\/pastelove.edu.pl\/zlobek\/oferta\/#breadcrumb\"},\"inLanguage\":\"pl-PL\",\"potentialAction\":[{\"@type\":\"ReadAction\",\"target\":[\"https:\/\/pastelove.edu.pl\/zlobek\/oferta\/\"]}]},{\"@type\":\"BreadcrumbList\",\"@id\":\"https:\/\/pastelove.edu.pl\/zlobek\/oferta\/#breadcrumb\",\"itemListElement\":[{\"@type\":\"ListItem\",\"position\":1,\"name\":\"Strona g\u0142\u00f3wna\",\"item\":\"https:\/\/pastelove.edu.pl\/zlobek\/\"},{\"@type\":\"ListItem\",\"position\":2,\"name\":\"Oferta\"}]},{\"@type\":\"WebSite\",\"@id\":\"https:\/\/pastelove.edu.pl\/zlobek\/#website\",\"url\":\"https:\/\/pastelove.edu.pl\/zlobek\/\",\"name\":\"Niepubliczny \u017c\u0142obek - PasteLOVE Katowice\",\"description\":\"Kolejna witryna sieci &#8222;Niepubliczne przedszkole - PasteLOVE Katowice Witryn&#8221;\",\"potentialAction\":[{\"@type\":\"SearchAction\",\"target\":{\"@type\":\"EntryPoint\",\"urlTemplate\":\"https:\/\/pastelove.edu.pl\/zlobek\/?s={search_term_string}\"},\"query-input\":\"required name=search_term_string\"}],\"inLanguage\":\"pl-PL\"}]}<\/script>\n<!-- \/ Yoast SEO plugin. -->","yoast_head_json":{"title":"Oferta - Niepubliczny \u017c\u0142obek - PasteLOVE Katowice","robots":{"index":"index","follow":"follow","max-snippet":"max-snippet:-1","max-image-preview":"max-image-preview:large","max-video-preview":"max-video-preview:-1"},"canonical":"https:\/\/pastelove.edu.pl\/zlobek\/oferta\/","og_locale":"pl_PL","og_type":"article","og_title":"Oferta - Niepubliczny \u017c\u0142obek - PasteLOVE Katowice","og_url":"https:\/\/pastelove.edu.pl\/zlobek\/oferta\/","og_site_name":"Niepubliczny \u017c\u0142obek - PasteLOVE Katowice","article_modified_time":"2024-01-18T12:45:43+00:00","twitter_card":"summary_large_image","schema":{"@context":"https:\/\/schema.org","@graph":[{"@type":"WebPage","@id":"https:\/\/pastelove.edu.pl\/zlobek\/oferta\/","url":"https:\/\/pastelove.edu.pl\/zlobek\/oferta\/","name":"Oferta - Niepubliczny \u017c\u0142obek - PasteLOVE Katowice","isPartOf":{"@id":"https:\/\/pastelove.edu.pl\/zlobek\/#website"},"datePublished":"2024-01-18T11:38:14+00:00","dateModified":"2024-01-18T12:45:43+00:00","breadcrumb":{"@id":"https:\/\/pastelove.edu.pl\/zlobek\/oferta\/#breadcrumb"},"inLanguage":"pl-PL","potentialAction":[{"@type":"ReadAction","target":["https:\/\/pastelove.edu.pl\/zlobek\/oferta\/"]}]},{"@type":"BreadcrumbList","@id":"https:\/\/pastelove.edu.pl\/zlobek\/oferta\/#breadcrumb","itemListElement":[{"@type":"ListItem","position":1,"name":"Strona g\u0142\u00f3wna","item":"https:\/\/pastelove.edu.pl\/zlobek\/"},{"@type":"ListItem","position":2,"name":"Oferta"}]},{"@type":"WebSite","@id":"https:\/\/pastelove.edu.pl\/zlobek\/#website","url":"https:\/\/pastelove.edu.pl\/zlobek\/","name":"Niepubliczny \u017c\u0142obek - PasteLOVE Katowice","description":"Kolejna witryna sieci &#8222;Niepubliczne przedszkole - PasteLOVE Katowice Witryn&#8221;","potentialAction":[{"@type":"SearchAction","target":{"@type":"EntryPoint","urlTemplate":"https:\/\/pastelove.edu.pl\/zlobek\/?s={search_term_string}"},"query-input":"required name=search_term_string"}],"inLanguage":"pl-PL"}]}},"_links":{"self":[{"href":"https:\/\/pastelove.edu.pl\/zlobek\/wp-json\/wp\/v2\/pages\/134"}],"collection":[{"href":"https:\/\/pastelove.edu.pl\/zlobek\/wp-json\/wp\/v2\/pages"}],"about":[{"href":"https:\/\/pastelove.edu.pl\/zlobek\/wp-json\/wp\/v2\/types\/page"}],"author":[{"embeddable":true,"href":"https:\/\/pastelove.edu.pl\/zlobek\/wp-json\/wp\/v2\/users\/1"}],"replies":[{"embeddable":true,"href":"https:\/\/pastelove.edu.pl\/zlobek\/wp-json\/wp\/v2\/comments?post=134"}],"version-history":[{"count":4,"href":"https:\/\/pastelove.edu.pl\/zlobek\/wp-json\/wp\/v2\/pages\/134\/revisions"}],"predecessor-version":[{"id":175,"href":"https:\/\/pastelove.edu.pl\/zlobek\/wp-json\/wp\/v2\/pages\/134\/revisions\/175"}],"wp:attachment":[{"href":"https:\/\/pastelove.edu.pl\/zlobek\/wp-json\/wp\/v2\/media?parent=134"}],"curies":[{"name":"wp","href":"https:\/\/api.w.org\/{rel}","templated":true}]}}