{"id":131,"date":"2024-01-18T12:37:38","date_gmt":"2024-01-18T11:37:38","guid":{"rendered":"http:\/\/pastelove.edu.pl\/zlobek\/?page_id=131"},"modified":"2024-02-12T21:52:00","modified_gmt":"2024-02-12T20:52:00","slug":"co-nas-wyroznia","status":"publish","type":"page","link":"https:\/\/pastelove.edu.pl\/zlobek\/co-nas-wyroznia\/","title":{"rendered":"Co nas wyr\u00f3\u017cnia?"},"content":{"rendered":"\n\n\n<section id=\"hommeinfo-block_030e95f0e81112d843be3343bd8a98a4\" class=\"services yellow-style\">\n  <div class=\"container\">\n    <div class=\"row\">\n      <div class=\"col-md-12 col-lg-6 align-items-center d-flex\">\n        <div class=\"tex-box\">\n          <h3>Co nas wyr\u00f3\u017cnia?<\/h3>\n<h2>\u017b\u0142obek &#8222;PasteLOVE&#8221; to miejsce, kt\u00f3re spe\u0142nia najwy\u017csze standardy w zakresie opieki i rozwoju naszych najm\u0142odszych podopiecznych.<\/h2>\n<p><strong>Nasz\u0105 wyj\u0105tkowo\u015b\u0107 podkre\u015blaj\u0105:<\/strong><\/p>\n<ul>\n<li><strong>Wysoko wykwalifikowana kadra<\/strong>: Nasz zesp\u00f3\u0142 to do\u015bwiadczona kadra opieku\u0144cza, kt\u00f3ra troszczy si\u0119 o ka\u017cde maluszka, zapewniaj\u0105c mu wsparcie i bezpiecze\u0144stwo.<\/li>\n<li><strong>Stymuluj\u0105ce \u015brodowisko rozwojowe<\/strong>: W &#8222;PasteLOVE&#8221; stawiamy na kreatywne metody wspieraj\u0105ce rozw\u00f3j najm\u0142odszych. Tworzymy atmosfer\u0119, w kt\u00f3rej dzieci maj\u0105 mo\u017cliwo\u015b\u0107 odkrywania \u015bwiata poprzez r\u00f3\u017cnorodne do\u015bwiadczenia.<\/li>\n<li><strong>Bezpieczne sale dydaktyczne<\/strong>: Nasze sale s\u0105 starannie dostosowane do potrzeb najm\u0142odszych. Zapewniaj\u0105 one zar\u00f3wno komfort, jak i bezpiecze\u0144stwo, tworz\u0105c przyjazne miejsce dla dzieci do zabawy i nauki.<\/li>\n<li><strong>Zdrowe i dostosowane posi\u0142ki<\/strong>: W &#8222;PasteLOVE&#8221; dbamy o zdrow\u0105 diet\u0119 naszych podopiecznych, dostosowuj\u0105c posi\u0142ki do ich potrzeb \u017cywieniowych.<\/li>\n<li><strong>Indywidualne podej\u015bcie do ka\u017cdego dziecka<\/strong>: Nasza opieka i edukacja s\u0105 dostosowane do indywidualnych potrzeb ka\u017cdego maluszka, zapewniaj\u0105c mu optymalne warunki rozwoju.<\/li>\n<\/ul>\n<p><strong>Je\u015bli poszukujesz \u017c\u0142obka, w kt\u00f3rym Twoje dziecko b\u0119dzie mia\u0142o najlepsze warunki do rozwoju, rado\u015bnie sp\u0119dza\u0142o czas i do\u015bwiadcza\u0142o ciep\u0142a opieki, to &#8222;PasteLOVE&#8221; to idealne miejsce!<\/strong><\/p>\n<p>Serdecznie zapraszamy do &#8222;PasteLOVE&#8221; \ud83d\ude42<\/p>\n                  <\/div>\n      <\/div>\n      <div class=\"col-md-12 col-lg-6\">\n        <div class=\"row m-0\">\n                                    <div class=\"col-md-4 col\">\n                  <div class=\"kid-icon\">\n                      <div class=\"kid-icon-shape\">\n                          <a href=\"#\">\n                            <i class=\"flaticon-jigsaw bus\">\n                              <img loading=\"lazy\" decoding=\"async\" width=\"62\" height=\"62\" src=\"https:\/\/pastelove.edu.pl\/zlobek\/wp-content\/uploads\/sites\/2\/2024\/01\/1.png\" class=\"attachment-full size-full\" alt=\"\" \/>                            <\/i>\n                          <\/a>\n                      <\/div>\n                      <span class=\"bus-c\">wykwalifikowana kadra<\/span>\n                  <\/div>\n              <\/div>\n                          <div class=\"col-md-4 col\">\n                  <div class=\"kid-icon\">\n                      <div class=\"kid-icon-shape\">\n                          <a href=\"#\">\n                            <i class=\"flaticon-jigsaw teacher\">\n                              <img loading=\"lazy\" decoding=\"async\" width=\"73\" height=\"65\" src=\"https:\/\/pastelove.edu.pl\/zlobek\/wp-content\/uploads\/sites\/2\/2024\/01\/6.png\" class=\"attachment-full size-full\" alt=\"\" \/>                            <\/i>\n                          <\/a>\n                      <\/div>\n                      <span class=\"teacher-c\">nowoczesne metody nauczania<\/span>\n                  <\/div>\n              <\/div>\n                          <div class=\"col-md-4 col\">\n                  <div class=\"kid-icon\">\n                      <div class=\"kid-icon-shape\">\n                          <a href=\"#\">\n                            <i class=\"flaticon-jigsaw diet\">\n                              <img loading=\"lazy\" decoding=\"async\" width=\"62\" height=\"64\" src=\"https:\/\/pastelove.edu.pl\/zlobek\/wp-content\/uploads\/sites\/2\/2024\/01\/4.png\" class=\"attachment-full size-full\" alt=\"\" \/>                            <\/i>\n                          <\/a>\n                      <\/div>\n                      <span class=\"diet-c\">zabawa i nauka  w grupie<\/span>\n                  <\/div>\n              <\/div>\n                          <div class=\"col-md-4 col\">\n                  <div class=\"kid-icon\">\n                      <div class=\"kid-icon-shape\">\n                          <a href=\"#\">\n                            <i class=\"flaticon-jigsaw ts\">\n                              <img loading=\"lazy\" decoding=\"async\" width=\"65\" height=\"65\" src=\"https:\/\/pastelove.edu.pl\/zlobek\/wp-content\/uploads\/sites\/2\/2024\/01\/5.png\" class=\"attachment-full size-full\" alt=\"\" \/>                            <\/i>\n                          <\/a>\n                      <\/div>\n                      <span class=\"ts-c\">wysokiej  jako\u015bci sale<\/span>\n                  <\/div>\n              <\/div>\n                          <div class=\"col-md-4 col\">\n                  <div class=\"kid-icon\">\n                      <div class=\"kid-icon-shape\">\n                          <a href=\"#\">\n                            <i class=\"flaticon-jigsaw music\">\n                              <img loading=\"lazy\" decoding=\"async\" width=\"66\" height=\"66\" src=\"https:\/\/pastelove.edu.pl\/zlobek\/wp-content\/uploads\/sites\/2\/2024\/01\/2.png\" class=\"attachment-full size-full\" alt=\"\" \/>                            <\/i>\n                          <\/a>\n                      <\/div>\n                      <span class=\"music-c\">zdrowa \u017cywno\u015b\u0107<\/span>\n                  <\/div>\n              <\/div>\n                          <div class=\"col-md-4 col\">\n                  <div class=\"kid-icon\">\n                      <div class=\"kid-icon-shape\">\n                          <a href=\"#\">\n                            <i class=\"flaticon-jigsaw fun\">\n                              <img loading=\"lazy\" decoding=\"async\" width=\"70\" height=\"67\" src=\"https:\/\/pastelove.edu.pl\/zlobek\/wp-content\/uploads\/sites\/2\/2024\/01\/3.png\" class=\"attachment-full size-full\" alt=\"\" \/>                            <\/i>\n                          <\/a>\n                      <\/div>\n                      <span class=\"fun-c\">edukacja ekologiczna<\/span>\n                  <\/div>\n              <\/div>\n                      \n\n      <\/div>\n    <\/div>\n  <\/div>\n<\/section>\n","protected":false},"excerpt":{"rendered":"","protected":false},"author":1,"featured_media":169,"parent":0,"menu_order":0,"comment_status":"closed","ping_status":"closed","template":"","meta":{"_acf_changed":false,"ngg_post_thumbnail":0,"footnotes":""},"acf":[],"yoast_head":"<!-- This site is optimized with the Yoast SEO plugin v22.1 - https:\/\/yoast.com\/wordpress\/plugins\/seo\/ -->\n<title>Co nas wyr\u00f3\u017cnia? - Niepubliczny \u017c\u0142obek - PasteLOVE Katowice<\/title>\n<meta name=\"robots\" content=\"index, follow, max-snippet:-1, max-image-preview:large, max-video-preview:-1\" \/>\n<link rel=\"canonical\" href=\"https:\/\/pastelove.edu.pl\/zlobek\/co-nas-wyroznia\/\" \/>\n<meta property=\"og:locale\" content=\"pl_PL\" \/>\n<meta property=\"og:type\" content=\"article\" \/>\n<meta property=\"og:title\" content=\"Co nas wyr\u00f3\u017cnia? - Niepubliczny \u017c\u0142obek - PasteLOVE Katowice\" \/>\n<meta property=\"og:url\" content=\"https:\/\/pastelove.edu.pl\/zlobek\/co-nas-wyroznia\/\" \/>\n<meta property=\"og:site_name\" content=\"Niepubliczny \u017c\u0142obek - PasteLOVE Katowice\" \/>\n<meta property=\"article:modified_time\" content=\"2024-02-12T20:52:00+00:00\" \/>\n<meta property=\"og:image\" content=\"https:\/\/pastelove.edu.pl\/zlobek\/wp-content\/uploads\/sites\/2\/2024\/01\/full-shot-happy-kid-sitting-container-1.jpg\" \/>\n\t<meta property=\"og:image:width\" content=\"2000\" \/>\n\t<meta property=\"og:image:height\" content=\"1333\" \/>\n\t<meta property=\"og:image:type\" content=\"image\/jpeg\" \/>\n<meta name=\"twitter:card\" content=\"summary_large_image\" \/>\n<script type=\"application\/ld+json\" class=\"yoast-schema-graph\">{\"@context\":\"https:\/\/schema.org\",\"@graph\":[{\"@type\":\"WebPage\",\"@id\":\"https:\/\/pastelove.edu.pl\/zlobek\/co-nas-wyroznia\/\",\"url\":\"https:\/\/pastelove.edu.pl\/zlobek\/co-nas-wyroznia\/\",\"name\":\"Co nas wyr\u00f3\u017cnia? - Niepubliczny \u017c\u0142obek - PasteLOVE Katowice\",\"isPartOf\":{\"@id\":\"https:\/\/pastelove.edu.pl\/zlobek\/#website\"},\"datePublished\":\"2024-01-18T11:37:38+00:00\",\"dateModified\":\"2024-02-12T20:52:00+00:00\",\"breadcrumb\":{\"@id\":\"https:\/\/pastelove.edu.pl\/zlobek\/co-nas-wyroznia\/#breadcrumb\"},\"inLanguage\":\"pl-PL\",\"potentialAction\":[{\"@type\":\"ReadAction\",\"target\":[\"https:\/\/pastelove.edu.pl\/zlobek\/co-nas-wyroznia\/\"]}]},{\"@type\":\"BreadcrumbList\",\"@id\":\"https:\/\/pastelove.edu.pl\/zlobek\/co-nas-wyroznia\/#breadcrumb\",\"itemListElement\":[{\"@type\":\"ListItem\",\"position\":1,\"name\":\"Strona g\u0142\u00f3wna\",\"item\":\"https:\/\/pastelove.edu.pl\/zlobek\/\"},{\"@type\":\"ListItem\",\"position\":2,\"name\":\"Co nas wyr\u00f3\u017cnia?\"}]},{\"@type\":\"WebSite\",\"@id\":\"https:\/\/pastelove.edu.pl\/zlobek\/#website\",\"url\":\"https:\/\/pastelove.edu.pl\/zlobek\/\",\"name\":\"Niepubliczny \u017c\u0142obek - PasteLOVE Katowice\",\"description\":\"Kolejna witryna sieci &#8222;Niepubliczne przedszkole - PasteLOVE Katowice Witryn&#8221;\",\"potentialAction\":[{\"@type\":\"SearchAction\",\"target\":{\"@type\":\"EntryPoint\",\"urlTemplate\":\"https:\/\/pastelove.edu.pl\/zlobek\/?s={search_term_string}\"},\"query-input\":\"required name=search_term_string\"}],\"inLanguage\":\"pl-PL\"}]}<\/script>\n<!-- \/ Yoast SEO plugin. -->","yoast_head_json":{"title":"Co nas wyr\u00f3\u017cnia? - Niepubliczny \u017c\u0142obek - PasteLOVE Katowice","robots":{"index":"index","follow":"follow","max-snippet":"max-snippet:-1","max-image-preview":"max-image-preview:large","max-video-preview":"max-video-preview:-1"},"canonical":"https:\/\/pastelove.edu.pl\/zlobek\/co-nas-wyroznia\/","og_locale":"pl_PL","og_type":"article","og_title":"Co nas wyr\u00f3\u017cnia? - Niepubliczny \u017c\u0142obek - PasteLOVE Katowice","og_url":"https:\/\/pastelove.edu.pl\/zlobek\/co-nas-wyroznia\/","og_site_name":"Niepubliczny \u017c\u0142obek - PasteLOVE Katowice","article_modified_time":"2024-02-12T20:52:00+00:00","og_image":[{"width":2000,"height":1333,"url":"https:\/\/pastelove.edu.pl\/zlobek\/wp-content\/uploads\/sites\/2\/2024\/01\/full-shot-happy-kid-sitting-container-1.jpg","type":"image\/jpeg"}],"twitter_card":"summary_large_image","schema":{"@context":"https:\/\/schema.org","@graph":[{"@type":"WebPage","@id":"https:\/\/pastelove.edu.pl\/zlobek\/co-nas-wyroznia\/","url":"https:\/\/pastelove.edu.pl\/zlobek\/co-nas-wyroznia\/","name":"Co nas wyr\u00f3\u017cnia? - Niepubliczny \u017c\u0142obek - PasteLOVE Katowice","isPartOf":{"@id":"https:\/\/pastelove.edu.pl\/zlobek\/#website"},"datePublished":"2024-01-18T11:37:38+00:00","dateModified":"2024-02-12T20:52:00+00:00","breadcrumb":{"@id":"https:\/\/pastelove.edu.pl\/zlobek\/co-nas-wyroznia\/#breadcrumb"},"inLanguage":"pl-PL","potentialAction":[{"@type":"ReadAction","target":["https:\/\/pastelove.edu.pl\/zlobek\/co-nas-wyroznia\/"]}]},{"@type":"BreadcrumbList","@id":"https:\/\/pastelove.edu.pl\/zlobek\/co-nas-wyroznia\/#breadcrumb","itemListElement":[{"@type":"ListItem","position":1,"name":"Strona g\u0142\u00f3wna","item":"https:\/\/pastelove.edu.pl\/zlobek\/"},{"@type":"ListItem","position":2,"name":"Co nas wyr\u00f3\u017cnia?"}]},{"@type":"WebSite","@id":"https:\/\/pastelove.edu.pl\/zlobek\/#website","url":"https:\/\/pastelove.edu.pl\/zlobek\/","name":"Niepubliczny \u017c\u0142obek - PasteLOVE Katowice","description":"Kolejna witryna sieci &#8222;Niepubliczne przedszkole - PasteLOVE Katowice Witryn&#8221;","potentialAction":[{"@type":"SearchAction","target":{"@type":"EntryPoint","urlTemplate":"https:\/\/pastelove.edu.pl\/zlobek\/?s={search_term_string}"},"query-input":"required name=search_term_string"}],"inLanguage":"pl-PL"}]}},"_links":{"self":[{"href":"https:\/\/pastelove.edu.pl\/zlobek\/wp-json\/wp\/v2\/pages\/131"}],"collection":[{"href":"https:\/\/pastelove.edu.pl\/zlobek\/wp-json\/wp\/v2\/pages"}],"about":[{"href":"https:\/\/pastelove.edu.pl\/zlobek\/wp-json\/wp\/v2\/types\/page"}],"author":[{"embeddable":true,"href":"https:\/\/pastelove.edu.pl\/zlobek\/wp-json\/wp\/v2\/users\/1"}],"replies":[{"embeddable":true,"href":"https:\/\/pastelove.edu.pl\/zlobek\/wp-json\/wp\/v2\/comments?post=131"}],"version-history":[{"count":10,"href":"https:\/\/pastelove.edu.pl\/zlobek\/wp-json\/wp\/v2\/pages\/131\/revisions"}],"predecessor-version":[{"id":199,"href":"https:\/\/pastelove.edu.pl\/zlobek\/wp-json\/wp\/v2\/pages\/131\/revisions\/199"}],"wp:featuredmedia":[{"embeddable":true,"href":"https:\/\/pastelove.edu.pl\/zlobek\/wp-json\/wp\/v2\/media\/169"}],"wp:attachment":[{"href":"https:\/\/pastelove.edu.pl\/zlobek\/wp-json\/wp\/v2\/media?parent=131"}],"curies":[{"name":"wp","href":"https:\/\/api.w.org\/{rel}","templated":true}]}}