{"id":126,"date":"2024-01-18T12:34:31","date_gmt":"2024-01-18T11:34:31","guid":{"rendered":"http:\/\/pastelove.edu.pl\/zlobek\/?page_id=126"},"modified":"2024-02-12T21:52:37","modified_gmt":"2024-02-12T20:52:37","slug":"o-nas","status":"publish","type":"page","link":"https:\/\/pastelove.edu.pl\/zlobek\/o-nas\/","title":{"rendered":"O nas"},"content":{"rendered":"\n<section id=\"hommeinfo-block_595b0ea01a7a330b3b12fa9be5e76ce9\" class=\"services\">\n  <div class=\"container\">\n    <div class=\"row\">\n      <div class=\"col-md-12 col-lg-6 align-items-center d-flex\">\n        <div class=\"tex-box\">\n          <h3>O nas<\/h3>\n<h2>PasteLOVE \u017b\u0142obek Katowice<\/h2>\n<p>\u017b\u0142obek &#8222;PasteLOVE&#8221; w Katowicach to miejsce, gdzie nasza praca opiera si\u0119 na wiedzy, do\u015bwiadczeniu, wsp\u00f3\u0142pracy i kreatywno\u015bci. M\u0105dro\u015b\u0107 oraz zdolno\u015b\u0107 rozpoznawania indywidualnych potrzeb dziecka, w tym jego talent\u00f3w, s\u0105 kluczowe dla prowadzenia w\u0142a\u015bciwego procesu rozwoju. W ramach naszej pracy dydaktyczno-wychowawczej przyk\u0142adamy szczeg\u00f3ln\u0105 wag\u0119 do indywidualizacji podej\u015bcia do ka\u017cdego dziecka oraz wspierania jego rozwoju przy wykorzystaniu nowoczesnych metod nauczania i nowatorskich technologii.<\/p>\n<p>W naszym \u017c\u0142obku stawiamy na poznawanie \u015bwiata i otaczaj\u0105cej rzeczywisto\u015bci poprzez r\u00f3\u017cnorodne do\u015bwiadczenia, takie jak uczestnictwo w spektaklach teatralnych, spotkaniach z muzyk\u0105 oraz zaj\u0119ciach naukowych.<\/p>\n<p>Zastosowanie holistycznego podej\u015bcia w procesie edukacji pozwala nam szczeg\u00f3lnie rozwija\u0107 obszary intelektualne, emocjonalne i ruchowe u ka\u017cdego malucha. Nasze za\u0142o\u017cenia koncepcji pracy obejmuj\u0105 szerokie spektrum dzia\u0142a\u0144, kt\u00f3re sprzyjaj\u0105 wszechstronnemu rozwojowi dzieci.<\/p>\n<p>W &#8222;PasteLOVE&#8221; nieustannie d\u0105\u017cymy do tworzenia inspiruj\u0105cego i bezpiecznego \u015brodowiska, w kt\u00f3rym dzieci mog\u0105 rozwija\u0107 si\u0119, czerpi\u0105c z bogactwa do\u015bwiadcze\u0144 i korzystaj\u0105c z nowoczesnych metod nauczania.<\/p>\n                  <\/div>\n      <\/div>\n      <div class=\"col-md-12 col-lg-6 align-items-center d-flex\">\n        <div class=\"image-holder\">\n          <img loading=\"lazy\" decoding=\"async\" width=\"1492\" height=\"805\" src=\"https:\/\/pastelove.edu.pl\/zlobek\/wp-content\/uploads\/sites\/2\/2024\/01\/two-adorable-babies-playing-with-balls-bowling-pin-sitting-floor-kindergarten-1-e1705577570899.jpg\" class=\"attachment-full size-full\" alt=\"\" srcset=\"https:\/\/pastelove.edu.pl\/zlobek\/wp-content\/uploads\/sites\/2\/2024\/01\/two-adorable-babies-playing-with-balls-bowling-pin-sitting-floor-kindergarten-1-e1705577570899.jpg 1492w, https:\/\/pastelove.edu.pl\/zlobek\/wp-content\/uploads\/sites\/2\/2024\/01\/two-adorable-babies-playing-with-balls-bowling-pin-sitting-floor-kindergarten-1-e1705577570899-250x135.jpg 250w, https:\/\/pastelove.edu.pl\/zlobek\/wp-content\/uploads\/sites\/2\/2024\/01\/two-adorable-babies-playing-with-balls-bowling-pin-sitting-floor-kindergarten-1-e1705577570899-700x378.jpg 700w, https:\/\/pastelove.edu.pl\/zlobek\/wp-content\/uploads\/sites\/2\/2024\/01\/two-adorable-babies-playing-with-balls-bowling-pin-sitting-floor-kindergarten-1-e1705577570899-768x414.jpg 768w, https:\/\/pastelove.edu.pl\/zlobek\/wp-content\/uploads\/sites\/2\/2024\/01\/two-adorable-babies-playing-with-balls-bowling-pin-sitting-floor-kindergarten-1-e1705577570899-120x65.jpg 120w\" sizes=\"(max-width: 1492px) 100vw, 1492px\" \/>        <\/div>\n      <\/div>\n\n    <\/div>\n  <\/div>\n<\/section>\n","protected":false},"excerpt":{"rendered":"","protected":false},"author":1,"featured_media":164,"parent":0,"menu_order":0,"comment_status":"closed","ping_status":"closed","template":"","meta":{"_acf_changed":false,"ngg_post_thumbnail":0,"footnotes":""},"acf":[],"yoast_head":"<!-- This site is optimized with the Yoast SEO plugin v22.1 - https:\/\/yoast.com\/wordpress\/plugins\/seo\/ -->\n<title>O nas - Niepubliczny \u017c\u0142obek - PasteLOVE Katowice<\/title>\n<meta name=\"robots\" content=\"index, follow, max-snippet:-1, max-image-preview:large, max-video-preview:-1\" \/>\n<link rel=\"canonical\" href=\"https:\/\/pastelove.edu.pl\/zlobek\/o-nas\/\" \/>\n<meta property=\"og:locale\" content=\"pl_PL\" \/>\n<meta property=\"og:type\" content=\"article\" \/>\n<meta property=\"og:title\" content=\"O nas - Niepubliczny \u017c\u0142obek - PasteLOVE Katowice\" \/>\n<meta property=\"og:url\" content=\"https:\/\/pastelove.edu.pl\/zlobek\/o-nas\/\" \/>\n<meta property=\"og:site_name\" content=\"Niepubliczny \u017c\u0142obek - PasteLOVE Katowice\" \/>\n<meta property=\"article:modified_time\" content=\"2024-02-12T20:52:37+00:00\" \/>\n<meta property=\"og:image\" content=\"https:\/\/pastelove.edu.pl\/zlobek\/wp-content\/uploads\/sites\/2\/2024\/01\/portrait-3-years-child.jpg\" \/>\n\t<meta property=\"og:image:width\" content=\"2000\" \/>\n\t<meta property=\"og:image:height\" content=\"1499\" \/>\n\t<meta property=\"og:image:type\" content=\"image\/jpeg\" \/>\n<meta name=\"twitter:card\" content=\"summary_large_image\" \/>\n<script type=\"application\/ld+json\" class=\"yoast-schema-graph\">{\"@context\":\"https:\/\/schema.org\",\"@graph\":[{\"@type\":\"WebPage\",\"@id\":\"https:\/\/pastelove.edu.pl\/zlobek\/o-nas\/\",\"url\":\"https:\/\/pastelove.edu.pl\/zlobek\/o-nas\/\",\"name\":\"O nas - Niepubliczny \u017c\u0142obek - PasteLOVE Katowice\",\"isPartOf\":{\"@id\":\"https:\/\/pastelove.edu.pl\/zlobek\/#website\"},\"datePublished\":\"2024-01-18T11:34:31+00:00\",\"dateModified\":\"2024-02-12T20:52:37+00:00\",\"breadcrumb\":{\"@id\":\"https:\/\/pastelove.edu.pl\/zlobek\/o-nas\/#breadcrumb\"},\"inLanguage\":\"pl-PL\",\"potentialAction\":[{\"@type\":\"ReadAction\",\"target\":[\"https:\/\/pastelove.edu.pl\/zlobek\/o-nas\/\"]}]},{\"@type\":\"BreadcrumbList\",\"@id\":\"https:\/\/pastelove.edu.pl\/zlobek\/o-nas\/#breadcrumb\",\"itemListElement\":[{\"@type\":\"ListItem\",\"position\":1,\"name\":\"Strona g\u0142\u00f3wna\",\"item\":\"https:\/\/pastelove.edu.pl\/zlobek\/\"},{\"@type\":\"ListItem\",\"position\":2,\"name\":\"O nas\"}]},{\"@type\":\"WebSite\",\"@id\":\"https:\/\/pastelove.edu.pl\/zlobek\/#website\",\"url\":\"https:\/\/pastelove.edu.pl\/zlobek\/\",\"name\":\"Niepubliczny \u017c\u0142obek - PasteLOVE Katowice\",\"description\":\"Kolejna witryna sieci &#8222;Niepubliczne przedszkole - PasteLOVE Katowice Witryn&#8221;\",\"potentialAction\":[{\"@type\":\"SearchAction\",\"target\":{\"@type\":\"EntryPoint\",\"urlTemplate\":\"https:\/\/pastelove.edu.pl\/zlobek\/?s={search_term_string}\"},\"query-input\":\"required name=search_term_string\"}],\"inLanguage\":\"pl-PL\"}]}<\/script>\n<!-- \/ Yoast SEO plugin. -->","yoast_head_json":{"title":"O nas - Niepubliczny \u017c\u0142obek - PasteLOVE Katowice","robots":{"index":"index","follow":"follow","max-snippet":"max-snippet:-1","max-image-preview":"max-image-preview:large","max-video-preview":"max-video-preview:-1"},"canonical":"https:\/\/pastelove.edu.pl\/zlobek\/o-nas\/","og_locale":"pl_PL","og_type":"article","og_title":"O nas - Niepubliczny \u017c\u0142obek - PasteLOVE Katowice","og_url":"https:\/\/pastelove.edu.pl\/zlobek\/o-nas\/","og_site_name":"Niepubliczny \u017c\u0142obek - PasteLOVE Katowice","article_modified_time":"2024-02-12T20:52:37+00:00","og_image":[{"width":2000,"height":1499,"url":"https:\/\/pastelove.edu.pl\/zlobek\/wp-content\/uploads\/sites\/2\/2024\/01\/portrait-3-years-child.jpg","type":"image\/jpeg"}],"twitter_card":"summary_large_image","schema":{"@context":"https:\/\/schema.org","@graph":[{"@type":"WebPage","@id":"https:\/\/pastelove.edu.pl\/zlobek\/o-nas\/","url":"https:\/\/pastelove.edu.pl\/zlobek\/o-nas\/","name":"O nas - Niepubliczny \u017c\u0142obek - PasteLOVE Katowice","isPartOf":{"@id":"https:\/\/pastelove.edu.pl\/zlobek\/#website"},"datePublished":"2024-01-18T11:34:31+00:00","dateModified":"2024-02-12T20:52:37+00:00","breadcrumb":{"@id":"https:\/\/pastelove.edu.pl\/zlobek\/o-nas\/#breadcrumb"},"inLanguage":"pl-PL","potentialAction":[{"@type":"ReadAction","target":["https:\/\/pastelove.edu.pl\/zlobek\/o-nas\/"]}]},{"@type":"BreadcrumbList","@id":"https:\/\/pastelove.edu.pl\/zlobek\/o-nas\/#breadcrumb","itemListElement":[{"@type":"ListItem","position":1,"name":"Strona g\u0142\u00f3wna","item":"https:\/\/pastelove.edu.pl\/zlobek\/"},{"@type":"ListItem","position":2,"name":"O nas"}]},{"@type":"WebSite","@id":"https:\/\/pastelove.edu.pl\/zlobek\/#website","url":"https:\/\/pastelove.edu.pl\/zlobek\/","name":"Niepubliczny \u017c\u0142obek - PasteLOVE Katowice","description":"Kolejna witryna sieci &#8222;Niepubliczne przedszkole - PasteLOVE Katowice Witryn&#8221;","potentialAction":[{"@type":"SearchAction","target":{"@type":"EntryPoint","urlTemplate":"https:\/\/pastelove.edu.pl\/zlobek\/?s={search_term_string}"},"query-input":"required name=search_term_string"}],"inLanguage":"pl-PL"}]}},"_links":{"self":[{"href":"https:\/\/pastelove.edu.pl\/zlobek\/wp-json\/wp\/v2\/pages\/126"}],"collection":[{"href":"https:\/\/pastelove.edu.pl\/zlobek\/wp-json\/wp\/v2\/pages"}],"about":[{"href":"https:\/\/pastelove.edu.pl\/zlobek\/wp-json\/wp\/v2\/types\/page"}],"author":[{"embeddable":true,"href":"https:\/\/pastelove.edu.pl\/zlobek\/wp-json\/wp\/v2\/users\/1"}],"replies":[{"embeddable":true,"href":"https:\/\/pastelove.edu.pl\/zlobek\/wp-json\/wp\/v2\/comments?post=126"}],"version-history":[{"count":11,"href":"https:\/\/pastelove.edu.pl\/zlobek\/wp-json\/wp\/v2\/pages\/126\/revisions"}],"predecessor-version":[{"id":201,"href":"https:\/\/pastelove.edu.pl\/zlobek\/wp-json\/wp\/v2\/pages\/126\/revisions\/201"}],"wp:featuredmedia":[{"embeddable":true,"href":"https:\/\/pastelove.edu.pl\/zlobek\/wp-json\/wp\/v2\/media\/164"}],"wp:attachment":[{"href":"https:\/\/pastelove.edu.pl\/zlobek\/wp-json\/wp\/v2\/media?parent=126"}],"curies":[{"name":"wp","href":"https:\/\/api.w.org\/{rel}","templated":true}]}}